{"id":13585,"date":"2023-08-03T14:10:05","date_gmt":"2023-08-03T17:10:05","guid":{"rendered":"https:\/\/goldenrod-okapi-427217.hostingersite.com\/?page_id=13585"},"modified":"2026-04-29T14:28:01","modified_gmt":"2026-04-29T17:28:01","slug":"nosotros","status":"publish","type":"page","link":"https:\/\/armk.com.ar\/en\/nosotros\/","title":{"rendered":"About us"},"content":{"rendered":"\t\t<div data-elementor-type=\"wp-page\" data-elementor-id=\"13585\" class=\"elementor elementor-13585\" data-elementor-post-type=\"page\">\n\t\t\t\t\t\t<section class=\"elementor-section elementor-top-section elementor-element elementor-element-28b7183 elementor-section-boxed elementor-section-height-default elementor-section-height-default elementor-invisible\" data-id=\"28b7183\" data-element_type=\"section\" data-e-type=\"section\" data-settings=\"{&quot;background_background&quot;:&quot;classic&quot;,&quot;animation&quot;:&quot;fadeIn&quot;}\">\n\t\t\t\t\t\t\t<div class=\"elementor-background-overlay\"><\/div>\n\t\t\t\t\t\t\t<div class=\"elementor-container elementor-column-gap-no\">\n\t\t\t\t\t<div class=\"elementor-column elementor-col-100 elementor-top-column elementor-element elementor-element-58d0b89\" data-id=\"58d0b89\" data-element_type=\"column\" data-e-type=\"column\">\n\t\t\t<div class=\"elementor-widget-wrap elementor-element-populated\">\n\t\t\t\t\t\t<div class=\"elementor-element elementor-element-f206dbf elementor-widget__width-auto elementor-invisible elementor-widget elementor-widget-heading\" data-id=\"f206dbf\" data-element_type=\"widget\" data-e-type=\"widget\" data-settings=\"{&quot;_animation&quot;:&quot;fadeInUp&quot;,&quot;_animation_tablet&quot;:&quot;fadeIn&quot;}\" data-widget_type=\"heading.default\">\n\t\t\t\t<div class=\"elementor-widget-container\">\n\t\t\t\t\t<h1 class=\"elementor-heading-title elementor-size-default\">Sobre ARMK<\/h1>\t\t\t\t<\/div>\n\t\t\t\t<\/div>\n\t\t\t\t<div class=\"elementor-element elementor-element-de415b4 elementor-invisible elementor-widget elementor-widget-heading\" data-id=\"de415b4\" data-element_type=\"widget\" data-e-type=\"widget\" data-settings=\"{&quot;_animation&quot;:&quot;fadeIn&quot;,&quot;_animation_tablet&quot;:&quot;fadeIn&quot;,&quot;_animation_mobile&quot;:&quot;fadeIn&quot;}\" data-widget_type=\"heading.default\">\n\t\t\t\t<div class=\"elementor-widget-container\">\n\t\t\t\t\t<h2 class=\"elementor-heading-title elementor-size-default\">Brindamos soluciones eficaces para el tratamiento y transporte de gas, petr\u00f3leo y agua de formaci\u00f3n.<\/h2>\t\t\t\t<\/div>\n\t\t\t\t<\/div>\n\t\t\t\t<div class=\"elementor-element elementor-element-23a0057 elementor-widget elementor-widget-spacer\" data-id=\"23a0057\" data-element_type=\"widget\" data-e-type=\"widget\" data-widget_type=\"spacer.default\">\n\t\t\t\t<div class=\"elementor-widget-container\">\n\t\t\t\t\t\t\t<div class=\"elementor-spacer\">\n\t\t\t<div class=\"elementor-spacer-inner\"><\/div>\n\t\t<\/div>\n\t\t\t\t\t\t<\/div>\n\t\t\t\t<\/div>\n\t\t\t\t<div class=\"elementor-element elementor-element-a931429 elementor-invisible elementor-widget elementor-widget-text-editor\" data-id=\"a931429\" data-element_type=\"widget\" data-e-type=\"widget\" data-settings=\"{&quot;_animation&quot;:&quot;fadeIn&quot;,&quot;_animation_tablet&quot;:&quot;fadeIn&quot;,&quot;_animation_mobile&quot;:&quot;fadeIn&quot;}\" data-widget_type=\"text-editor.default\">\n\t\t\t\t<div class=\"elementor-widget-container\">\n\t\t\t\t\t\t\t\t\t<p>Somos un equipo de ingenieros y tecn\u00f3logos que dise\u00f1amos y asesoramos a distintos actores de la industria petro-gas\u00edfera en la construcci\u00f3n y optimizaci\u00f3n de equipos de calentamiento, equipos de separaci\u00f3n, plantas de tratamiento de crudo y de gas, sistemas de venteo y sistemas hidr\u00e1ulicos.<\/p><p>A lo largo de nuestra trayectoria hemos desarrollado soluciones tecnol\u00f3gicas para el procesamiento de 20.000 m3\/d de petr\u00f3leo \u00f3 22.000.000 Sm3\/d de gas hasta peque\u00f1as plantas paquetizadas.<\/p>\t\t\t\t\t\t\t\t<\/div>\n\t\t\t\t<\/div>\n\t\t\t\t\t<\/div>\n\t\t<\/div>\n\t\t\t\t\t<\/div>\n\t\t<\/section>\n\t\t<div class=\"elementor-element elementor-element-e6f4e7f e-flex e-con-boxed elementor-invisible e-con e-parent\" data-id=\"e6f4e7f\" data-element_type=\"container\" data-e-type=\"container\" id=\"+25\" data-settings=\"{&quot;animation&quot;:&quot;fadeIn&quot;}\">\n\t\t\t\t\t<div class=\"e-con-inner\">\n\t\t<div class=\"elementor-element elementor-element-c43b6c4 e-con-full e-flex e-con e-child\" data-id=\"c43b6c4\" data-element_type=\"container\" data-e-type=\"container\">\n\t\t\t\t<div class=\"elementor-element elementor-element-5138c80 elementor-invisible elementor-widget elementor-widget-heading\" data-id=\"5138c80\" data-element_type=\"widget\" data-e-type=\"widget\" data-settings=\"{&quot;motion_fx_translateY_speed&quot;:{&quot;unit&quot;:&quot;px&quot;,&quot;size&quot;:1.4,&quot;sizes&quot;:[]},&quot;motion_fx_translateY_affectedRange&quot;:{&quot;unit&quot;:&quot;%&quot;,&quot;size&quot;:&quot;&quot;,&quot;sizes&quot;:{&quot;start&quot;:39,&quot;end&quot;:100}},&quot;_animation&quot;:&quot;fadeInUp&quot;,&quot;motion_fx_motion_fx_scrolling&quot;:&quot;yes&quot;,&quot;motion_fx_translateY_effect&quot;:&quot;yes&quot;,&quot;motion_fx_devices&quot;:[&quot;desktop&quot;,&quot;tablet&quot;,&quot;mobile&quot;]}\" data-widget_type=\"heading.default\">\n\t\t\t\t<div class=\"elementor-widget-container\">\n\t\t\t\t\t<span class=\"elementor-heading-title elementor-size-default\">M\u00e1s de 25 a\u00f1os aportando soluciones a empresas petro-gas\u00edferas de Argentina y Sudamerica.<\/span>\t\t\t\t<\/div>\n\t\t\t\t<\/div>\n\t\t\t\t<\/div>\n\t\t\t\t\t<\/div>\n\t\t\t\t<\/div>\n\t\t\t\t<section class=\"elementor-section elementor-top-section elementor-element elementor-element-fa11132 elementor-section-boxed elementor-section-height-default elementor-section-height-default elementor-invisible\" data-id=\"fa11132\" data-element_type=\"section\" data-e-type=\"section\" data-settings=\"{&quot;background_background&quot;:&quot;classic&quot;,&quot;animation&quot;:&quot;fadeIn&quot;}\">\n\t\t\t\t\t\t\t<div class=\"elementor-background-overlay\"><\/div>\n\t\t\t\t\t\t\t<div class=\"elementor-container elementor-column-gap-no\">\n\t\t\t\t\t<div class=\"elementor-column elementor-col-100 elementor-top-column elementor-element elementor-element-9eaf9d9\" data-id=\"9eaf9d9\" data-element_type=\"column\" data-e-type=\"column\">\n\t\t\t<div class=\"elementor-widget-wrap elementor-element-populated\">\n\t\t\t\t\t\t<div class=\"elementor-element elementor-element-55c4295 elementor-invisible elementor-widget elementor-widget-heading\" data-id=\"55c4295\" data-element_type=\"widget\" data-e-type=\"widget\" data-settings=\"{&quot;_animation&quot;:&quot;fadeIn&quot;,&quot;_animation_tablet&quot;:&quot;fadeIn&quot;,&quot;_animation_mobile&quot;:&quot;fadeIn&quot;}\" data-widget_type=\"heading.default\">\n\t\t\t\t<div class=\"elementor-widget-container\">\n\t\t\t\t\t<h2 class=\"elementor-heading-title elementor-size-default\">Nuestra filosof\u00eda de trabajo<\/h2>\t\t\t\t<\/div>\n\t\t\t\t<\/div>\n\t\t\t\t<div class=\"elementor-element elementor-element-7be6681 elementor-invisible elementor-widget elementor-widget-text-editor\" data-id=\"7be6681\" data-element_type=\"widget\" data-e-type=\"widget\" data-settings=\"{&quot;_animation&quot;:&quot;fadeIn&quot;,&quot;_animation_tablet&quot;:&quot;fadeIn&quot;,&quot;_animation_mobile&quot;:&quot;fadeIn&quot;}\" data-widget_type=\"text-editor.default\">\n\t\t\t\t<div class=\"elementor-widget-container\">\n\t\t\t\t\t\t\t\t\t<p class=\"p1\">Para Tecnolog\u00eda ARMK cada proyecto comienza en el terreno. Analizamos en profundidad las experiencias y necesidades de las \u00e1reas de producci\u00f3n, mantenimiento y seguridad para ofrecer soluciones a medida, adaptadas a cada cliente y a las particularidades de cada yacimiento.<\/p><p class=\"p1\">M\u00e1s de 500 equipos de separaci\u00f3n e intercambio de calor y decenas de plantas desarrolladas, nos dan la experiencia tanto para optimizar instalaciones existentes como para estandarizar proyectos para nuevos desarrollos.<\/p>\t\t\t\t\t\t\t\t<\/div>\n\t\t\t\t<\/div>\n\t\t\t\t\t<\/div>\n\t\t<\/div>\n\t\t\t\t\t<\/div>\n\t\t<\/section>\n\t\t\t\t<section class=\"elementor-section elementor-top-section elementor-element elementor-element-1fde557 elementor-section-boxed elementor-section-height-default elementor-section-height-default elementor-invisible\" data-id=\"1fde557\" data-element_type=\"section\" data-e-type=\"section\" data-settings=\"{&quot;animation&quot;:&quot;fadeIn&quot;}\">\n\t\t\t\t\t\t<div class=\"elementor-container elementor-column-gap-default\">\n\t\t\t\t\t<div class=\"elementor-column elementor-col-100 elementor-top-column elementor-element elementor-element-f33fc51\" data-id=\"f33fc51\" data-element_type=\"column\" data-e-type=\"column\">\n\t\t\t<div class=\"elementor-widget-wrap elementor-element-populated\">\n\t\t\t\t\t\t<div class=\"elementor-element elementor-element-2ace538 elementor-invisible elementor-widget elementor-widget-heading\" data-id=\"2ace538\" data-element_type=\"widget\" data-e-type=\"widget\" data-settings=\"{&quot;_animation_tablet&quot;:&quot;fadeIn&quot;,&quot;_animation_mobile&quot;:&quot;fadeIn&quot;,&quot;_animation&quot;:&quot;fadeIn&quot;}\" data-widget_type=\"heading.default\">\n\t\t\t\t<div class=\"elementor-widget-container\">\n\t\t\t\t\t<h2 class=\"elementor-heading-title elementor-size-default\">Inicios, ampliaci\u00f3n y consolidaci\u00f3n de nuestra empresa.<\/h2>\t\t\t\t<\/div>\n\t\t\t\t<\/div>\n\t\t\t\t<div class=\"elementor-element elementor-element-d6475ba elementor-widget elementor-widget-pp-timeline\" data-id=\"d6475ba\" data-element_type=\"widget\" data-e-type=\"widget\" data-settings=\"{&quot;layout&quot;:&quot;horizontal&quot;,&quot;select_arrow&quot;:{&quot;value&quot;:&quot;fas fa-chevron-right&quot;,&quot;library&quot;:&quot;fa-solid&quot;},&quot;_animation_tablet&quot;:&quot;fadeIn&quot;,&quot;_animation_mobile&quot;:&quot;fadeIn&quot;,&quot;autoplay_speed&quot;:7000,&quot;columns&quot;:&quot;3&quot;,&quot;columns_tablet&quot;:&quot;2&quot;,&quot;columns_mobile&quot;:&quot;1&quot;,&quot;slides_to_scroll&quot;:&quot;1&quot;,&quot;slides_to_scroll_tablet&quot;:&quot;1&quot;,&quot;slides_to_scroll_mobile&quot;:&quot;1&quot;,&quot;dates&quot;:&quot;yes&quot;,&quot;card_arrow&quot;:&quot;yes&quot;,&quot;arrows&quot;:&quot;yes&quot;,&quot;infinite_loop&quot;:&quot;yes&quot;,&quot;autoplay&quot;:&quot;yes&quot;,&quot;pause_on_hover&quot;:&quot;yes&quot;}\" data-widget_type=\"pp-timeline.default\">\n\t\t\t\t<div class=\"elementor-widget-container\">\n\t\t\t\t\t\t\t<div class=\"pp-timeline-wrapper\">\n\t\t\t\t\t\t<div class=\"pp-timeline-navigation-wrap\">\n\t\t\t\t\t\t\t\t<div class=\"pp-slider-arrow pp-arrow-prev pp-arrow-prev-d6475ba\" role=\"button\" tabindex=\"0\">\n\t\t\t\t\t<i aria-hidden=\"true\" class=\"fas fa-chevron-left\"><\/i>\t\t\t\t<\/div>\n\t\t\t\t<div class=\"pp-slider-arrow pp-arrow-next pp-arrow-next-d6475ba\" role=\"button\" tabindex=\"0\">\n\t\t\t\t\t<i aria-hidden=\"true\" class=\"fas fa-chevron-right\"><\/i>\t\t\t\t<\/div>\n\t\t\t\n\t\t\t\t<div class=\"pp-timeline-navigation\">\n\t\t\t\t\t\t\t\t\t\t\t\t<div class=\"pp-timeline-nav-item elementor-repeater-item-d60ed50\">\n\t\t\t\t\t\t\t\t\t\t<div class=\"pp-timeline-marker-wrapper\">\n\t\t\t\t\t\t\t<div class=\"pp-timeline-card-date-wrapper\">\n\t\t\t\t\t<div class=\"pp-timeline-card-date\">\n\t\t\t\t\t\t1995\t\t\t\t\t<\/div>\n\t\t\t\t<\/div>\n\t\t\t\n\t\t\t<div class=\"pp-timeline-marker\">\n\t\t\t\t\t\t\t\t\t\t<span class=\"pp-icon\">\n\t\t\t\t\t\t<i aria-hidden=\"true\" class=\"fas fa-circle\"><\/i>\t\t\t\t\t\t<\/span>\n\t\t\t\t\t\t\t\t\t<\/div>\n\t\t<\/div>\n\t\t\t\t\t\t\t\t\t\t\t<\/div>\n\t\t\t\t\t\t\t\t\t\t\t\t\t\t<div class=\"pp-timeline-nav-item elementor-repeater-item-cf99859\">\n\t\t\t\t\t\t\t\t\t\t<div class=\"pp-timeline-marker-wrapper\">\n\t\t\t\t\t\t\t<div class=\"pp-timeline-card-date-wrapper\">\n\t\t\t\t\t<div class=\"pp-timeline-card-date\">\n\t\t\t\t\t\t1996\t\t\t\t\t<\/div>\n\t\t\t\t<\/div>\n\t\t\t\n\t\t\t<div class=\"pp-timeline-marker\">\n\t\t\t\t\t\t\t\t\t\t<span class=\"pp-icon\">\n\t\t\t\t\t\t<i aria-hidden=\"true\" class=\"fas fa-circle\"><\/i>\t\t\t\t\t\t<\/span>\n\t\t\t\t\t\t\t\t\t<\/div>\n\t\t<\/div>\n\t\t\t\t\t\t\t\t\t\t\t<\/div>\n\t\t\t\t\t\t\t\t\t\t\t\t\t\t<div class=\"pp-timeline-nav-item elementor-repeater-item-13dbf0e\">\n\t\t\t\t\t\t\t\t\t\t<div class=\"pp-timeline-marker-wrapper\">\n\t\t\t\t\t\t\t<div class=\"pp-timeline-card-date-wrapper\">\n\t\t\t\t\t<div class=\"pp-timeline-card-date\">\n\t\t\t\t\t\t2000\t\t\t\t\t<\/div>\n\t\t\t\t<\/div>\n\t\t\t\n\t\t\t<div class=\"pp-timeline-marker\">\n\t\t\t\t\t\t\t\t\t\t<span class=\"pp-icon\">\n\t\t\t\t\t\t<i aria-hidden=\"true\" class=\"fas fa-circle\"><\/i>\t\t\t\t\t\t<\/span>\n\t\t\t\t\t\t\t\t\t<\/div>\n\t\t<\/div>\n\t\t\t\t\t\t\t\t\t\t\t<\/div>\n\t\t\t\t\t\t\t\t\t\t\t\t\t\t<div class=\"pp-timeline-nav-item elementor-repeater-item-c9377d1\">\n\t\t\t\t\t\t\t\t\t\t<div class=\"pp-timeline-marker-wrapper\">\n\t\t\t\t\t\t\t<div class=\"pp-timeline-card-date-wrapper\">\n\t\t\t\t\t<div class=\"pp-timeline-card-date\">\n\t\t\t\t\t\t2004\t\t\t\t\t<\/div>\n\t\t\t\t<\/div>\n\t\t\t\n\t\t\t<div class=\"pp-timeline-marker\">\n\t\t\t\t\t\t\t\t\t\t<span class=\"pp-icon\">\n\t\t\t\t\t\t<i aria-hidden=\"true\" class=\"fas fa-circle\"><\/i>\t\t\t\t\t\t<\/span>\n\t\t\t\t\t\t\t\t\t<\/div>\n\t\t<\/div>\n\t\t\t\t\t\t\t\t\t\t\t<\/div>\n\t\t\t\t\t\t\t\t\t\t\t\t\t\t<div class=\"pp-timeline-nav-item elementor-repeater-item-ae9af3c\">\n\t\t\t\t\t\t\t\t\t\t<div class=\"pp-timeline-marker-wrapper\">\n\t\t\t\t\t\t\t<div class=\"pp-timeline-card-date-wrapper\">\n\t\t\t\t\t<div class=\"pp-timeline-card-date\">\n\t\t\t\t\t\t2014\t\t\t\t\t<\/div>\n\t\t\t\t<\/div>\n\t\t\t\n\t\t\t<div class=\"pp-timeline-marker\">\n\t\t\t\t\t\t\t\t\t\t<span class=\"pp-icon\">\n\t\t\t\t\t\t<i aria-hidden=\"true\" class=\"fas fa-circle\"><\/i>\t\t\t\t\t\t<\/span>\n\t\t\t\t\t\t\t\t\t<\/div>\n\t\t<\/div>\n\t\t\t\t\t\t\t\t\t\t\t<\/div>\n\t\t\t\t\t\t\t\t\t\t\t\t\t\t<div class=\"pp-timeline-nav-item elementor-repeater-item-a06dd58\">\n\t\t\t\t\t\t\t\t\t\t<div class=\"pp-timeline-marker-wrapper\">\n\t\t\t\t\t\t\t<div class=\"pp-timeline-card-date-wrapper\">\n\t\t\t\t\t<div class=\"pp-timeline-card-date\">\n\t\t\t\t\t\t2019\t\t\t\t\t<\/div>\n\t\t\t\t<\/div>\n\t\t\t\n\t\t\t<div class=\"pp-timeline-marker\">\n\t\t\t\t\t\t\t\t\t\t<span class=\"pp-icon\">\n\t\t\t\t\t\t<i aria-hidden=\"true\" class=\"fas fa-circle\"><\/i>\t\t\t\t\t\t<\/span>\n\t\t\t\t\t\t\t\t\t<\/div>\n\t\t<\/div>\n\t\t\t\t\t\t\t\t\t\t\t<\/div>\n\t\t\t\t\t\t\t\t\t\t\t<\/div>\n\t\t\t<\/div>\n\t\t\t\n\t\t\t<div class=\"pp-timeline pp-timeline-horizontal pp-timeline-dates\">\n\t\t\t\t\t\t\t\t<div class=\"pp-timeline-items pp-slick-slider\">\n\t\t\t\t\t\t\t<div class=\"pp-timeline-item pp-timeline-item-left elementor-repeater-item-d60ed50\">\n\t\t\t\t<div class=\"pp-timeline-card-wrapper\">\n\t\t\t\t\t\t\t\t\t\t\t\t\t\t\t<div class=\"pp-timeline-arrow\"><\/div>\n\t\t\t\t\t\t\t\t\t\t<div class=\"pp-timeline-card\">\n\t\t\t\t\t\t\t\t\t\t\t\t\t\t\t\t\t\t\t<div class=\"pp-timeline-card-title-wrap\">\n\t\t\t\t\t\t\t\t\t\t\t\t\t\t\t\t\t\t\t\t\t\t\t\t\t\t\t\t\t\t\t\t\t\t<h3 class=\"pp-timeline-card-title\">\n\t\t\t\t\t\t\t\t\t\tInicio de actividades\t\t\t\t\t\t\t\t\t<\/h3>\n\t\t\t\t\t\t\t\t\t\t\t\t\t\t\t<\/div>\n\t\t\t\t\t\t\t\t\t\t\t\t\t\t\t\t\t\t\t\t\t\t\t\t\t<div class=\"pp-timeline-card-content\">\n\t\t\t\t\t\t\t\t<p>Dise\u00f1o de equipos de separaci\u00f3n e intercambiadores de calor, fabricaci\u00f3n de internos de separaci\u00f3n y desarrollo de tableros de control para calentadores.<\/p>\t\t\t\t\t\t\t<\/div>\n\t\t\t\t\t\t\t\t\t\t\t<\/div>\n\t\t\t\t\t\t\t\t\t\t<\/a>\n\t\t\t\t\t\t\t\t\t<\/div>\n\n\t\t\t\t\t\t\t<\/div>\n\t\t\t\t\t\t<div class=\"pp-timeline-item pp-timeline-item-right elementor-repeater-item-cf99859\">\n\t\t\t\t<div class=\"pp-timeline-card-wrapper\">\n\t\t\t\t\t\t\t\t\t\t\t\t\t\t\t<div class=\"pp-timeline-arrow\"><\/div>\n\t\t\t\t\t\t\t\t\t\t<div class=\"pp-timeline-card\">\n\t\t\t\t\t\t\t\t\t\t\t\t\t\t\t\t\t\t\t<div class=\"pp-timeline-card-title-wrap\">\n\t\t\t\t\t\t\t\t\t\t\t\t\t\t\t\t\t\t\t\t\t\t\t\t\t\t\t\t\t\t\t\t\t\t<h3 class=\"pp-timeline-card-title\">\n\t\t\t\t\t\t\t\t\t\tAmpliaci\u00f3n del portafolio\t\t\t\t\t\t\t\t\t<\/h3>\n\t\t\t\t\t\t\t\t\t\t\t\t\t\t\t<\/div>\n\t\t\t\t\t\t\t\t\t\t\t\t\t\t\t\t\t\t\t\t\t\t\t\t\t<div class=\"pp-timeline-card-content\">\n\t\t\t\t\t\t\t\t<p>Dise\u00f1o de plantas de tratamiento de agua y unidades de separaci\u00f3n gas-l\u00edquido.<\/p>\t\t\t\t\t\t\t<\/div>\n\t\t\t\t\t\t\t\t\t\t\t<\/div>\n\t\t\t\t\t\t\t\t\t\t<\/a>\n\t\t\t\t\t\t\t\t\t<\/div>\n\n\t\t\t\t\t\t\t<\/div>\n\t\t\t\t\t\t<div class=\"pp-timeline-item pp-timeline-item-left elementor-repeater-item-13dbf0e\">\n\t\t\t\t<div class=\"pp-timeline-card-wrapper\">\n\t\t\t\t\t\t\t\t\t\t\t\t\t\t\t<div class=\"pp-timeline-arrow\"><\/div>\n\t\t\t\t\t\t\t\t\t\t<div class=\"pp-timeline-card\">\n\t\t\t\t\t\t\t\t\t\t\t\t\t\t\t\t\t\t\t<div class=\"pp-timeline-card-title-wrap\">\n\t\t\t\t\t\t\t\t\t\t\t\t\t\t\t\t\t\t\t\t\t\t\t\t\t\t\t\t\t\t\t\t\t\t<h3 class=\"pp-timeline-card-title\">\n\t\t\t\t\t\t\t\t\t\tIncorporaci\u00f3n de servicios\t\t\t\t\t\t\t\t\t<\/h3>\n\t\t\t\t\t\t\t\t\t\t\t\t\t\t\t<\/div>\n\t\t\t\t\t\t\t\t\t\t\t\t\t\t\t\t\t\t\t\t\t\t\t\t\t<div class=\"pp-timeline-card-content\">\n\t\t\t\t\t\t\t\t<p>Dise\u00f1o conceptual y b\u00e1sico PTC, incluyendo proyectos de ductos y sistemas asociados.<\/p>\t\t\t\t\t\t\t<\/div>\n\t\t\t\t\t\t\t\t\t\t\t<\/div>\n\t\t\t\t\t\t\t\t\t\t<\/a>\n\t\t\t\t\t\t\t\t\t<\/div>\n\n\t\t\t\t\t\t\t<\/div>\n\t\t\t\t\t\t<div class=\"pp-timeline-item pp-timeline-item-right elementor-repeater-item-c9377d1\">\n\t\t\t\t<div class=\"pp-timeline-card-wrapper\">\n\t\t\t\t\t\t\t\t\t\t\t\t\t\t\t<div class=\"pp-timeline-arrow\"><\/div>\n\t\t\t\t\t\t\t\t\t\t<div class=\"pp-timeline-card\">\n\t\t\t\t\t\t\t\t\t\t\t\t\t\t\t\t\t\t\t<div class=\"pp-timeline-card-title-wrap\">\n\t\t\t\t\t\t\t\t\t\t\t\t\t\t\t\t\t\t\t\t\t\t\t\t\t\t\t\t\t\t\t\t\t\t<h3 class=\"pp-timeline-card-title\">\n\t\t\t\t\t\t\t\t\t\tServicios de consultor\u00eda\t\t\t\t\t\t\t\t\t<\/h3>\n\t\t\t\t\t\t\t\t\t\t\t\t\t\t\t<\/div>\n\t\t\t\t\t\t\t\t\t\t\t\t\t\t\t\t\t\t\t\t\t\t\t\t\t<div class=\"pp-timeline-card-content\">\n\t\t\t\t\t\t\t\t<p>Debottlenecking y revamping de plantas de tratamiento de crudo y plantas de gas, optimizando capacidad y eficiencia operativa.<\/p>\t\t\t\t\t\t\t<\/div>\n\t\t\t\t\t\t\t\t\t\t\t<\/div>\n\t\t\t\t\t\t\t\t\t\t<\/a>\n\t\t\t\t\t\t\t\t\t<\/div>\n\n\t\t\t\t\t\t\t<\/div>\n\t\t\t\t\t\t<div class=\"pp-timeline-item pp-timeline-item-left elementor-repeater-item-ae9af3c\">\n\t\t\t\t<div class=\"pp-timeline-card-wrapper\">\n\t\t\t\t\t\t\t\t\t\t\t\t\t\t\t<div class=\"pp-timeline-arrow\"><\/div>\n\t\t\t\t\t\t\t\t\t\t<div class=\"pp-timeline-card\">\n\t\t\t\t\t\t\t\t\t\t\t\t\t\t\t\t\t\t\t<div class=\"pp-timeline-card-title-wrap\">\n\t\t\t\t\t\t\t\t\t\t\t\t\t\t\t\t\t\t\t\t\t\t\t\t\t\t\t\t\t\t\t\t\t\t<h3 class=\"pp-timeline-card-title\">\n\t\t\t\t\t\t\t\t\t\tAn\u00e1lisis de eficiencia y eficacia\t\t\t\t\t\t\t\t\t<\/h3>\n\t\t\t\t\t\t\t\t\t\t\t\t\t\t\t<\/div>\n\t\t\t\t\t\t\t\t\t\t\t\t\t\t\t\t\t\t\t\t\t\t\t\t\t<div class=\"pp-timeline-card-content\">\n\t\t\t\t\t\t\t\t<p>Implementaci\u00f3n mediante sistemas anal\u00edticos y miner\u00eda de datos, orientados a la mejora continua de procesos.<\/p>\t\t\t\t\t\t\t<\/div>\n\t\t\t\t\t\t\t\t\t\t\t<\/div>\n\t\t\t\t\t\t\t\t\t\t<\/a>\n\t\t\t\t\t\t\t\t\t<\/div>\n\n\t\t\t\t\t\t\t<\/div>\n\t\t\t\t\t\t<div class=\"pp-timeline-item pp-timeline-item-right elementor-repeater-item-a06dd58\">\n\t\t\t\t<div class=\"pp-timeline-card-wrapper\">\n\t\t\t\t\t\t\t\t\t\t\t\t\t\t\t<div class=\"pp-timeline-arrow\"><\/div>\n\t\t\t\t\t\t\t\t\t\t<div class=\"pp-timeline-card\">\n\t\t\t\t\t\t\t\t\t\t\t\t\t\t\t\t\t\t\t<div class=\"pp-timeline-card-title-wrap\">\n\t\t\t\t\t\t\t\t\t\t\t\t\t\t\t\t\t\t\t\t\t\t\t\t\t\t\t\t\t\t\t\t\t\t<h3 class=\"pp-timeline-card-title\">\n\t\t\t\t\t\t\t\t\t\tDesarrollo de dise\u00f1os y consultor\u00eda para NOC\t\t\t\t\t\t\t\t\t<\/h3>\n\t\t\t\t\t\t\t\t\t\t\t\t\t\t\t<\/div>\n\t\t\t\t\t\t\t\t\t\t\t\t\t\t\t\t\t\t\t\t\t\t\t\t\t<div class=\"pp-timeline-card-content\">\n\t\t\t\t\t\t\t\t<p>Dise\u00f1o conceptual y b\u00e1sico de plantas de tratamiento.<br data-start=\"1224\" data-end=\"1227\" \/>\u2013 Fabricaci\u00f3n de internos.<br data-start=\"1270\" data-end=\"1273\" \/>\u2013 Dise\u00f1os modulares para facilitar el mantenimiento y reducir tiempos de parada.<\/p>\t\t\t\t\t\t\t<\/div>\n\t\t\t\t\t\t\t\t\t\t\t<\/div>\n\t\t\t\t\t\t\t\t\t\t<\/a>\n\t\t\t\t\t\t\t\t\t<\/div>\n\n\t\t\t\t\t\t\t<\/div>\n\t\t\t\t\t\t\t<\/div>\n\t\t\t<\/div>\n\t\t<\/div>\n\t\t\t\t\t\t<\/div>\n\t\t\t\t<\/div>\n\t\t\t\t\t<\/div>\n\t\t<\/div>\n\t\t\t\t\t<\/div>\n\t\t<\/section>\n\t\t\t\t<\/div>\n\t\t","protected":false},"excerpt":{"rendered":"<p>Sobre ARMK Brindamos soluciones eficaces para el tratamiento y transporte de gas, petr\u00f3leo y agua de formaci\u00f3n. Somos un equipo de ingenieros y tecn\u00f3logos que dise\u00f1amos y asesoramos a distintos actores de la industria petro-gas\u00edfera en la construcci\u00f3n y optimizaci\u00f3n de equipos de calentamiento, equipos de separaci\u00f3n, plantas de tratamiento de crudo y de gas, [&hellip;]<\/p>\n","protected":false},"author":2,"featured_media":0,"parent":0,"menu_order":0,"comment_status":"closed","ping_status":"closed","template":"elementor_header_footer","meta":{"footnotes":""},"class_list":["post-13585","page","type-page","status-publish","hentry"],"_links":{"self":[{"href":"https:\/\/armk.com.ar\/en\/wp-json\/wp\/v2\/pages\/13585","targetHints":{"allow":["GET"]}}],"collection":[{"href":"https:\/\/armk.com.ar\/en\/wp-json\/wp\/v2\/pages"}],"about":[{"href":"https:\/\/armk.com.ar\/en\/wp-json\/wp\/v2\/types\/page"}],"author":[{"embeddable":true,"href":"https:\/\/armk.com.ar\/en\/wp-json\/wp\/v2\/users\/2"}],"replies":[{"embeddable":true,"href":"https:\/\/armk.com.ar\/en\/wp-json\/wp\/v2\/comments?post=13585"}],"version-history":[{"count":965,"href":"https:\/\/armk.com.ar\/en\/wp-json\/wp\/v2\/pages\/13585\/revisions"}],"predecessor-version":[{"id":23887,"href":"https:\/\/armk.com.ar\/en\/wp-json\/wp\/v2\/pages\/13585\/revisions\/23887"}],"wp:attachment":[{"href":"https:\/\/armk.com.ar\/en\/wp-json\/wp\/v2\/media?parent=13585"}],"curies":[{"name":"wp","href":"https:\/\/api.w.org\/{rel}","templated":true}]}}